{"id":7,"date":"2024-09-19T11:26:38","date_gmt":"2024-09-19T11:26:38","guid":{"rendered":"https:\/\/crossgymcore.sk\/?page_id=7"},"modified":"2025-10-03T07:32:01","modified_gmt":"2025-10-03T07:32:01","slug":"elementor-7","status":"publish","type":"page","link":"https:\/\/crossgymcore.sk\/","title":{"rendered":"Domov"},"content":{"rendered":"\t\t<div data-elementor-type=\"wp-post\" data-elementor-id=\"7\" class=\"elementor elementor-7\">\n\t\t\t\t<div class=\"elementor-element elementor-element-a97264d e-grid e-con-boxed e-con e-parent\" data-id=\"a97264d\" data-element_type=\"container\">\n\t\t\t\t\t<div class=\"e-con-inner\">\n\t\t\t\t<div class=\"elementor-element elementor-element-6dc5707 elementor-widget elementor-widget-image\" data-id=\"6dc5707\" data-element_type=\"widget\" data-widget_type=\"image.default\">\n\t\t\t\t<div class=\"elementor-widget-container\">\n\t\t\t\t\t\t\t\t\t\t\t\t\t\t\t<img fetchpriority=\"high\" decoding=\"async\" width=\"800\" height=\"1000\" src=\"https:\/\/crossgymcore.sk\/wp-content\/uploads\/2025\/10\/CrossGymCore-insta-819x1024.jpg\" class=\"attachment-large size-large wp-image-41\" alt=\"\" srcset=\"https:\/\/crossgymcore.sk\/wp-content\/uploads\/2025\/10\/CrossGymCore-insta-819x1024.jpg 819w, https:\/\/crossgymcore.sk\/wp-content\/uploads\/2025\/10\/CrossGymCore-insta-240x300.jpg 240w, https:\/\/crossgymcore.sk\/wp-content\/uploads\/2025\/10\/CrossGymCore-insta-768x960.jpg 768w, https:\/\/crossgymcore.sk\/wp-content\/uploads\/2025\/10\/CrossGymCore-insta-1229x1536.jpg 1229w, https:\/\/crossgymcore.sk\/wp-content\/uploads\/2025\/10\/CrossGymCore-insta-1638x2048.jpg 1638w, https:\/\/crossgymcore.sk\/wp-content\/uploads\/2025\/10\/CrossGymCore-insta.jpg 2000w\" sizes=\"(max-width: 800px) 100vw, 800px\" \/>\t\t\t\t\t\t\t\t\t\t\t\t\t\t\t<\/div>\n\t\t\t\t<\/div>\n\t\t\t\t\t<\/div>\n\t\t\t\t<\/div>\n\t\t\t\t<\/div>\n\t\t","protected":false},"excerpt":{"rendered":"<p>Kr\u00e1tka 1781, 931 01 \u0160amor\u00edn, Tel.: +421 903 277 403;<\/p>\n","protected":false},"author":1,"featured_media":0,"parent":0,"menu_order":0,"comment_status":"closed","ping_status":"closed","template":"","meta":{"footnotes":""},"class_list":["post-7","page","type-page","status-publish","hentry"],"_links":{"self":[{"href":"https:\/\/crossgymcore.sk\/index.php?rest_route=\/wp\/v2\/pages\/7","targetHints":{"allow":["GET"]}}],"collection":[{"href":"https:\/\/crossgymcore.sk\/index.php?rest_route=\/wp\/v2\/pages"}],"about":[{"href":"https:\/\/crossgymcore.sk\/index.php?rest_route=\/wp\/v2\/types\/page"}],"author":[{"embeddable":true,"href":"https:\/\/crossgymcore.sk\/index.php?rest_route=\/wp\/v2\/users\/1"}],"replies":[{"embeddable":true,"href":"https:\/\/crossgymcore.sk\/index.php?rest_route=%2Fwp%2Fv2%2Fcomments&post=7"}],"version-history":[{"count":14,"href":"https:\/\/crossgymcore.sk\/index.php?rest_route=\/wp\/v2\/pages\/7\/revisions"}],"predecessor-version":[{"id":44,"href":"https:\/\/crossgymcore.sk\/index.php?rest_route=\/wp\/v2\/pages\/7\/revisions\/44"}],"wp:attachment":[{"href":"https:\/\/crossgymcore.sk\/index.php?rest_route=%2Fwp%2Fv2%2Fmedia&parent=7"}],"curies":[{"name":"wp","href":"https:\/\/api.w.org\/{rel}","templated":true}]}}